{"id":311,"date":"2021-04-15T14:05:13","date_gmt":"2021-04-15T14:05:13","guid":{"rendered":"https:\/\/salesportal.lamesma.it\/?page_id=311"},"modified":"2021-04-15T17:25:08","modified_gmt":"2021-04-15T17:25:08","slug":"condizioni-generali-di-vendita","status":"publish","type":"page","link":"https:\/\/salesportal.lamesma.it\/index.php\/condizioni-generali-di-vendita\/","title":{"rendered":"Condizioni generali di vendita"},"content":{"rendered":"\n<p style=\"font-size:18px\">La vendita di vino e di degustazioni de l\u2019 Azienda Agricola La Mesma srl societ\u00e0 agricola sono regolate dalle presenti Condizioni generali di vendita.<\/p>\n\n\n\n<p style=\"font-size:18px\">Tutti i prodotti acquistati su www.lamesma.it sono venduti direttamente da Azienda Agricola La Mesma srl societ\u00e0 agricola( La Mesma),con sede legale in Frazione Monterotondo 7, 15066 Gavi(AL), P.IVA 02042960068<\/p>\n\n\n\n<p style=\"font-size:18px\">La Mesma offre una selezione dei propri vini sul suo sito, rivolgendosi <strong>esclusivamente a consumatori maggiori di 18 (diciotto) anni<\/strong>, secondo la legge vigente e le normative in materia di commercio elettronico. <br><strong>Si effettuano spedizioni solo in Italia.<\/strong><br>Le Condizioni Generali disciplinano l\u2019offerta, la trasmissione, l\u2019accettazione, la spedizione, le modali t\u00e0 di acquisto ed il diritto di recesso di ordini d\u2019acquisto di prodotti sul sito.<\/p>\n\n\n\n<p style=\"font-size:18px\"><strong>Conclusione del contratto<\/strong><br>Per concludere il contratto di acquisto di uno o pi\u00f9 prodotti il cliente \u00e8 tenuto a compilare il modulo d\u2019ordine in formato elettronico, seguendo le relative istruzioni. Il cliente dovr\u00e0 indicare tutti gli elementi richiesti. <br>Il contratto si intende perfezionato non appena il cliente riceve copia via mail dell\u2019accettazione dello stesso con la Conferma d\u2019ordine, che il cliente stesso \u00e8 tenuto a verificare per poter comunicare eventuali errori.<\/p>\n\n\n\n<p style=\"font-size:18px\"><strong>Validit\u00e0 delle offerte e prezzi<\/strong><br>Tutti i prezzi dei prodotti sono espressi in Euro e sono comprensivi di IVA. Per maggiore trasparenza il costo del trasporto \u00e8 riportato separatamente nel modulo d\u2019ordine ed in fattura.<br>Il prezzo dei prodotti pu\u00f2 essere modificato da La Mesma in qualunque momento, fermo restando che il prezzo addebitato all\u2019utente sar\u00e0 quello pubblicato sulla scheda del prodotto al momento dell\u2019invio dell\u2019ordine.<br>Le caratteristiche essenziali dei prodotti sono presentate con apposite schede prodotto, visibili direttamente sul sito. Le immagini ed i colori dei prodotti offerti in vendita sul sito potrebbero tuttavia non essere corrispondenti a quelli reali, per cui tali immagini devono essere intese come indicative.<\/p>\n\n\n\n<p style=\"font-size:18px\"><strong>Pagamenti<\/strong><br>Le modalit\u00e0 di pagamento del prezzo del vino e delle degustazioni sono indicate nel modulo d\u2019ordine.<br>Le modalit\u00e0 di pagamento accettate sono: bonifico bancario anticipato, carte di credito, Paypal e Satispay.<br>La fattura verr\u00e0 emessa contestualmente alla spedizione e una copia di cortesia accompagner\u00e0 la merce.<\/p>\n\n\n\n<p style=\"font-size:18px\"><strong>Spedizione e consegna dei prodotti<\/strong><br>La Mesma effettua la spedizione del prodotto con corriere tradizionale, normalmente i prodotti vengono consegnati entro 7\/8 giorni lavorativi dal ricevimento dell\u2019ordine sul sito.<br>Nel caso di bonifico bancario, la tempistica decorre dalla data di conferma del ricevimento dei fondi.<br>La spedizione \u00e8 gratuita per gli ordini superiori a una soglia indicata nel sito. Qualora il cliente preferisse ricevere la merce in tempi pi\u00f9 brevi \u00e8 possibile organizzare la spedizione con corriere espresso: in questo caso i costi della spedizione e il costo dell\u2019imballo protettivo a prova di urto, richiesto dal corriere, sono a carico del cliente.<br>Nel caso in cui i pacchi risultino visibilmente danneggiati si prega sempre di accettare con riserva.<br>Per informazioni relative alla spedizione degli ordini, il cliente pu\u00f2 contattare direttamente il nostro Servizio Clienti via e-mail all\u2019indirizzo <a href=\"mailto:shop@lamesma.it\">shop@lamesma.it<\/a><\/p>\n\n\n\n<p style=\"font-size:18px\"><strong>Informativa sul diritto di recesso<\/strong><br>Secondo la disciplina del D.Lgs. 206\/05,il cliente ha diritto di recedere dal contratto di acquisto dei prodotti, senza alcuna penalit\u00e0, entro 10 giorni lavorativi dal ricevimento della merce e previa comunicazione scritta da inoltrare a La Mesma. Non \u00e8 invece possibile cambiare un prodotto acquistato con un altro senza costi aggiuntivi.<br>La merce va riconsegnata al corriere nel suo confezionamento originale e integra.<br>Le spese di restituzione dei prodotti acquistati sono a carico del cliente, in conformit\u00e0 all\u2019art. 5, comma 6, D.Lgs n. 185 del 22\/05\/1999.<br>Se tutte le condizioni sono rispettate, La Mesma provveder\u00e0 a rimborsare le eventuali somme gi\u00e0 incassate per i prodotti acquistati nel minore tempo possibile e comunque entro 30 giorni dalla comunicazione di recesso.<\/p>\n\n\n\n<p style=\"font-size:18px\"><strong>Privacy<\/strong><br>Tutte le informazioni relative al trattamento dei Suoi dati personali possono essere ottenute consultando la Privacy La Mesma.<\/p>\n\n\n\n<p style=\"font-size:18px\"><strong>Legge applicabile e soluzione delle controversie<\/strong><br>Le Condizioni Generali di Vendita sono regolate dalla legge italiana ed in particolare dal decreto legislativo 6 settembre 2005 n. 206, sul codice del consumo, con specifico riferimento alla normativa in materia di contratti a distanza e dal decreto legislativo 9 aprile 2003 n. 70 su alcuni aspetti concernenti il commercio elettronico.<br>La vendita di prodotti e\/o prestazioni di servizi avviene nel territorio dello Stato Italiano ed \u00e8 sottoposta alle leggi vigenti nella Repubblica Italiana. Foro competente per la risoluzione di qualunque controversia sar\u00e0 quello di Genova.<br>Eventuali aggiornamenti e modifiche delle Condizioni verranno pubblicate sul nostro sito e saranno immediatamente efficaci dalla data stessa della pubblicazione.<\/p>\n","protected":false},"excerpt":{"rendered":"<p>La vendita di vino e di degustazioni de l\u2019 Azienda Agricola La Mesma srl societ\u00e0 agricola sono regolate dalle presenti Condizioni generali di vendita. Tutti i prodotti acquistati su www.lamesma.it sono venduti direttamente da Azienda Agricola La Mesma srl societ\u00e0 agricola( La Mesma),con sede legale in Frazione Monterotondo 7, 15066 Gavi(AL), P.IVA 02042960068 La Mesma &hellip;<\/p>\n<p class=\"read-more\"> <a class=\"\" href=\"https:\/\/salesportal.lamesma.it\/index.php\/condizioni-generali-di-vendita\/\"> <span class=\"screen-reader-text\">Condizioni generali di vendita<\/span> Leggi altro &raquo;<\/a><\/p>\n","protected":false},"author":1,"featured_media":0,"parent":0,"menu_order":0,"comment_status":"closed","ping_status":"closed","template":"","meta":[],"_links":{"self":[{"href":"https:\/\/salesportal.lamesma.it\/index.php\/wp-json\/wp\/v2\/pages\/311"}],"collection":[{"href":"https:\/\/salesportal.lamesma.it\/index.php\/wp-json\/wp\/v2\/pages"}],"about":[{"href":"https:\/\/salesportal.lamesma.it\/index.php\/wp-json\/wp\/v2\/types\/page"}],"author":[{"embeddable":true,"href":"https:\/\/salesportal.lamesma.it\/index.php\/wp-json\/wp\/v2\/users\/1"}],"replies":[{"embeddable":true,"href":"https:\/\/salesportal.lamesma.it\/index.php\/wp-json\/wp\/v2\/comments?post=311"}],"version-history":[{"count":4,"href":"https:\/\/salesportal.lamesma.it\/index.php\/wp-json\/wp\/v2\/pages\/311\/revisions"}],"predecessor-version":[{"id":319,"href":"https:\/\/salesportal.lamesma.it\/index.php\/wp-json\/wp\/v2\/pages\/311\/revisions\/319"}],"wp:attachment":[{"href":"https:\/\/salesportal.lamesma.it\/index.php\/wp-json\/wp\/v2\/media?parent=311"}],"curies":[{"name":"wp","href":"https:\/\/api.w.org\/{rel}","templated":true}]}}