{"id":212,"date":"2021-02-03T13:29:40","date_gmt":"2021-02-03T13:29:40","guid":{"rendered":"https:\/\/salesportal.lamesma.it\/?post_type=product&#038;p=212"},"modified":"2026-02-26T08:56:22","modified_gmt":"2026-02-26T08:56:22","slug":"magnum-spumante-metodo-classico-demi-sec","status":"publish","type":"product","link":"https:\/\/salesportal.lamesma.it\/index.php\/product\/magnum-spumante-metodo-classico-demi-sec\/","title":{"rendered":"Magnum Demi Sec Metodo Classico Spumante 2017"},"content":{"rendered":"<div class=\"csColumn\" data-csstartpoint=\"645\" data-csendpoint=\"945\" data-cswidth=\"31.3%\" data-csid=\"9f4f8a7d-04fc-8510-8255-f27c68c68e0e\">Metodo classico (ottenuto quindi con rifermentazione in bottiglia) da uve cortese, millesimato (elaborato con uve di una sola annata). Tutte le fasi di produzione, vinificazione, spumantizzazione, remuage manuale e d\u00e9gorgement si svolgono nella nostra cantina.<\/div>\n<div class=\"csColumn\" data-csstartpoint=\"645\" data-csendpoint=\"945\" data-cswidth=\"31.3%\" data-csid=\"9f4f8a7d-04fc-8510-8255-f27c68c68e0e\">Tipologia: <strong>Vino Spumante di qualit\u00e0 VSQ.<\/strong><\/div>\n<div class=\"csColumn\" data-csstartpoint=\"645\" data-csendpoint=\"945\" data-cswidth=\"31.3%\" data-csid=\"9f4f8a7d-04fc-8510-8255-f27c68c68e0e\">Vitigno: <strong>Cortese.<\/strong><\/div>\n<div class=\"csColumn\" data-csstartpoint=\"645\" data-csendpoint=\"945\" data-cswidth=\"31.3%\" data-csid=\"9f4f8a7d-04fc-8510-8255-f27c68c68e0e\">Vinificazione: <strong>Uve vendemmiate a mano, immediatamente pressate con spremitura soffice. La prima fermentazione alcolica avviene in serbatoio di acciaio inox a temperatura controllata.<\/strong><\/div>\n<div class=\"csColumn\" data-csstartpoint=\"645\" data-csendpoint=\"945\" data-cswidth=\"31.3%\" data-csid=\"9f4f8a7d-04fc-8510-8255-f27c68c68e0e\">Maturazione: <strong>Tirage (messa in bottiglia) nella primavera successiva all\u2019anno della vendemmia, affinamento sui lieviti, remuage manuale.<\/strong><\/div>\n<div class=\"csColumn\" data-csstartpoint=\"645\" data-csendpoint=\"945\" data-cswidth=\"31.3%\" data-csid=\"9f4f8a7d-04fc-8510-8255-f27c68c68e0e\">Grado zuccherino: <strong>Demi Sec<\/strong><\/div>\n<div class=\"csColumn\" data-csstartpoint=\"645\" data-csendpoint=\"945\" data-cswidth=\"31.3%\" data-csid=\"9f4f8a7d-04fc-8510-8255-f27c68c68e0e\">Grado alcolico: <strong>13,5% vol<\/strong><\/div>\n<div data-csstartpoint=\"645\" data-csendpoint=\"945\" data-cswidth=\"31.3%\" data-csid=\"9f4f8a7d-04fc-8510-8255-f27c68c68e0e\">\n<p style=\"font-size: 16px;font-style: normal;font-weight: 400\">Allergeni:\u00a0<span style=\"font-size: 16px;font-weight: bold\">CONTIENE SOLFITI, CONTAINS SULPHITES<\/span><\/p>\n<p style=\"font-size: 16px;font-style: normal;font-weight: 400\">Prodotto in Italia<\/p>\n<\/div>\n<div class=\"csColumn\" data-csstartpoint=\"645\" data-csendpoint=\"945\" data-cswidth=\"31.3%\" data-csid=\"9f4f8a7d-04fc-8510-8255-f27c68c68e0e\">Enologo: <strong>Massimo Azzolini<\/strong><\/div>\n","protected":false},"excerpt":{"rendered":"<p>Il rapporto diretto e personale con i nostri clienti \u00e8 importantissimo per noi, ed \u00e8 la ragione per cui abbiamo creato un e-commerce diretto. Ma vogliamo fare di pi\u00f9: bottiglie speciali per i vostri eventi e i vostri anniversari, o per la tavola di Natale. Le foto sono solo indicative, scriveteci a <a href=\"mailto:shop@lamesma.it\">shop@lamesma.it<\/a><\/p>\n","protected":false},"featured_media":245,"template":"","meta":[],"_links":{"self":[{"href":"https:\/\/salesportal.lamesma.it\/index.php\/wp-json\/wp\/v2\/product\/212"}],"collection":[{"href":"https:\/\/salesportal.lamesma.it\/index.php\/wp-json\/wp\/v2\/product"}],"about":[{"href":"https:\/\/salesportal.lamesma.it\/index.php\/wp-json\/wp\/v2\/types\/product"}],"wp:featuredmedia":[{"embeddable":true,"href":"https:\/\/salesportal.lamesma.it\/index.php\/wp-json\/wp\/v2\/media\/245"}],"wp:attachment":[{"href":"https:\/\/salesportal.lamesma.it\/index.php\/wp-json\/wp\/v2\/media?parent=212"}],"curies":[{"name":"wp","href":"https:\/\/api.w.org\/{rel}","templated":true}]}}